{"id":1937,"date":"2022-04-14T01:29:33","date_gmt":"2022-04-14T01:29:33","guid":{"rendered":"https:\/\/janelaswp.themesflat.com\/?page_id=1937"},"modified":"2023-12-19T09:11:39","modified_gmt":"2023-12-19T09:11:39","slug":"about-us","status":"publish","type":"page","link":"https:\/\/dijamant-ks.com\/en\/about-us\/","title":{"rendered":"About Us"},"content":{"rendered":"<div data-elementor-type=\"wp-page\" data-elementor-id=\"1937\" class=\"elementor elementor-1937\">\n\t\t\t\t\t\t<section class=\"elementor-section elementor-top-section elementor-element elementor-element-209ce6a elementor-section-full_width elementor-section-stretched elementor-section-height-default elementor-section-height-default\" data-id=\"209ce6a\" data-element_type=\"section\" data-e-type=\"section\" data-settings=\"{&quot;stretch_section&quot;:&quot;section-stretched&quot;}\">\n\t\t\t\t\t\t<div class=\"elementor-container elementor-column-gap-default\">\n\t\t\t\t\t<div class=\"elementor-column elementor-col-100 elementor-top-column elementor-element elementor-element-1179a27\" data-id=\"1179a27\" data-element_type=\"column\" data-e-type=\"column\">\n\t\t\t<div class=\"elementor-widget-wrap elementor-element-populated\">\n\t\t\t\t\t\t<section class=\"elementor-section elementor-inner-section elementor-element elementor-element-a87c0bd elementor-hidden-desktop elementor-hidden-tablet elementor-hidden-mobile elementor-section-boxed elementor-section-height-default elementor-section-height-default\" data-id=\"a87c0bd\" data-element_type=\"section\" data-e-type=\"section\">\n\t\t\t\t\t\t<div class=\"elementor-container elementor-column-gap-custom\">\n\t\t\t\t\t<div class=\"elementor-column elementor-col-100 elementor-inner-column elementor-element elementor-element-504a199\" data-id=\"504a199\" data-element_type=\"column\" data-e-type=\"column\">\n\t\t\t<div class=\"elementor-widget-wrap elementor-element-populated\">\n\t\t\t\t\t\t<div class=\"elementor-element elementor-element-8465f87 elementor-widget elementor-widget-tf-services\" data-id=\"8465f87\" data-element_type=\"widget\" data-e-type=\"widget\" data-widget_type=\"tf-services.default\">\n\t\t\t\t<div class=\"elementor-widget-container\">\n\t\t\t\t\tNo posts found\t\t\t\t<\/div>\n\t\t\t\t<\/div>\n\t\t\t\t\t<\/div>\n\t\t<\/div>\n\t\t\t\t\t<\/div>\n\t\t<\/section>\n\t\t\t\t\t<\/div>\n\t\t<\/div>\n\t\t\t\t\t<\/div>\n\t\t<\/section>\n\t\t\t\t<section class=\"elementor-section elementor-top-section elementor-element elementor-element-1ae72e0 elementor-section-full_width elementor-section-stretched elementor-section-height-default elementor-section-height-default tf-parallax-no\" data-id=\"1ae72e0\" data-element_type=\"section\" data-e-type=\"section\" data-settings=\"{&quot;stretch_section&quot;:&quot;section-stretched&quot;,&quot;background_background&quot;:&quot;classic&quot;}\">\n\t\t\t\t\t\t<div class=\"elementor-container elementor-column-gap-default\">\n\t\t\t\t\t<div class=\"elementor-column elementor-col-100 elementor-top-column elementor-element elementor-element-81cfee2\" data-id=\"81cfee2\" data-element_type=\"column\" data-e-type=\"column\">\n\t\t\t<div class=\"elementor-widget-wrap elementor-element-populated\">\n\t\t\t\t\t\t<section class=\"elementor-section elementor-inner-section elementor-element elementor-element-b6209a5 elementor-section-content-middle elementor-section-boxed elementor-section-height-default elementor-section-height-default\" data-id=\"b6209a5\" data-element_type=\"section\" data-e-type=\"section\">\n\t\t\t\t\t\t<div class=\"elementor-container elementor-column-gap-custom\">\n\t\t\t\t\t<div class=\"elementor-column elementor-col-50 elementor-inner-column elementor-element elementor-element-412da8e\" data-id=\"412da8e\" data-element_type=\"column\" data-e-type=\"column\">\n\t\t\t<div class=\"elementor-widget-wrap elementor-element-populated\">\n\t\t\t\t\t\t<div class=\"elementor-element elementor-element-5f7a304 hover-image-janelas elementor-widget elementor-widget-image\" data-id=\"5f7a304\" data-element_type=\"widget\" data-e-type=\"widget\" data-widget_type=\"image.default\">\n\t\t\t\t<div class=\"elementor-widget-container\">\n\t\t\t\t\t\t\t\t\t\t\t\t\t\t\t<img decoding=\"async\" src=\"https:\/\/dijamant-ks.com\/wp-content\/uploads\/elementor\/thumbs\/dijamant-3-qecnol5gvdvvzb24aaityzt9o7bpzx8fy77ork1w20.jpg\" alt=\"dijamant (3)\" \/>\t\t\t\t\t\t\t\t\t\t\t\t\t\t\t<\/div>\n\t\t\t\t<\/div>\n\t\t\t\t<div class=\"elementor-element elementor-element-b87f15a elementor-widget__width-auto elementor-absolute img-layer_image updown1 elementor-widget-tablet__width-initial elementor-hidden-mobile elementor-widget elementor-widget-image\" data-id=\"b87f15a\" data-element_type=\"widget\" data-e-type=\"widget\" data-settings=\"{&quot;_position&quot;:&quot;absolute&quot;}\" data-widget_type=\"image.default\">\n\t\t\t\t<div class=\"elementor-widget-container\">\n\t\t\t\t\t\t\t\t\t\t\t\t\t\t\t<img fetchpriority=\"high\" decoding=\"async\" width=\"371\" height=\"326\" src=\"https:\/\/dijamant-ks.com\/wp-content\/uploads\/2022\/05\/mark-about.png\" class=\"attachment-large size-large wp-image-3173\" alt=\"\" srcset=\"https:\/\/dijamant-ks.com\/wp-content\/uploads\/2022\/05\/mark-about.png 371w, https:\/\/dijamant-ks.com\/wp-content\/uploads\/2022\/05\/mark-about-300x264.png 300w\" sizes=\"(max-width: 371px) 100vw, 371px\" \/>\t\t\t\t\t\t\t\t\t\t\t\t\t\t\t<\/div>\n\t\t\t\t<\/div>\n\t\t\t\t<div class=\"elementor-element elementor-element-8c4fbe4 elementor-widget__width-auto elementor-absolute img-layer_image leftdown1 elementor-hidden-mobile elementor-widget elementor-widget-image\" data-id=\"8c4fbe4\" data-element_type=\"widget\" data-e-type=\"widget\" data-settings=\"{&quot;_position&quot;:&quot;absolute&quot;}\" data-widget_type=\"image.default\">\n\t\t\t\t<div class=\"elementor-widget-container\">\n\t\t\t\t\t\t\t\t\t\t\t\t\t\t\t<img decoding=\"async\" width=\"280\" height=\"376\" src=\"https:\/\/dijamant-ks.com\/wp-content\/uploads\/2022\/05\/mark-about2.jpg\" class=\"attachment-large size-large wp-image-3171\" alt=\"\" srcset=\"https:\/\/dijamant-ks.com\/wp-content\/uploads\/2022\/05\/mark-about2.jpg 280w, https:\/\/dijamant-ks.com\/wp-content\/uploads\/2022\/05\/mark-about2-223x300.jpg 223w\" sizes=\"(max-width: 280px) 100vw, 280px\" \/>\t\t\t\t\t\t\t\t\t\t\t\t\t\t\t<\/div>\n\t\t\t\t<\/div>\n\t\t\t\t\t<\/div>\n\t\t<\/div>\n\t\t\t\t<div class=\"elementor-column elementor-col-50 elementor-inner-column elementor-element elementor-element-da8bf43\" data-id=\"da8bf43\" data-element_type=\"column\" data-e-type=\"column\">\n\t\t\t<div class=\"elementor-widget-wrap elementor-element-populated\">\n\t\t\t\t\t\t<div class=\"elementor-element elementor-element-ef248f6 elementor-widget elementor-widget-tf-heading-section\" data-id=\"ef248f6\" data-element_type=\"widget\" data-e-type=\"widget\" data-widget_type=\"tf-heading-section.default\">\n\t\t\t\t<div class=\"elementor-widget-container\">\n\t\t\t\t\t<div id=\"tf-heading-section-ef248f6\" class=\"tf-heading-section\" data-tabid=\"ef248f6\"> \r\n\t\t\t\t\r\n\t\t\t\t<div class=\"heading-section\">\r\n\t\t\t\t\t\r\n\t\t\t\t\t\r\n\t\t\t\t\t<div class=\"sub-title\"><p>The company \"Dijamanti\" sh.p.k. is a success story that started in 1986, from the founder Njazi Kastrati in the village of Maghar\u00eb in Malisheva. Starting from a clear vision and commitment to quality, the company has managed to create a fruitful journey in the wood materials industry.<br \/>\u00a0<br \/>At the beginning of the operation as a company, \"Dijamanti\" was mainly focused on the trade of wood materials. With the passage of time and the experience gained in the market, the company displayed exceptional management skills and sensitivity to market demands. <br \/>\u00a0<br \/>By incorporating advanced technologies and continuous efforts for innovation, \"Dijamanti\" managed to become a well-known and successful manufacturer of laminated wood products. This type of processing created new and high development opportunities, while significantly increasing the company's competitiveness in the market. <br \/>\u00a0<br \/>In the following years, the company \"Dijamanti\" sh.p.k. became known as the first and only producer of laminated wood panels in Kosovo. This unique position led the company to strengthen its production capacity to meet an increased demand for such products. The increase in production capacity up to 4m\u00b3 per shift proves their will to be dedicated to the growth and development of the company.<\/p><\/div>\r\n\t\t\t\t<\/div>                \r\n            <\/div>\t\t\t\t<\/div>\n\t\t\t\t<\/div>\n\t\t\t\t\t<\/div>\n\t\t<\/div>\n\t\t\t\t\t<\/div>\n\t\t<\/section>\n\t\t\t\t\t<\/div>\n\t\t<\/div>\n\t\t\t\t\t<\/div>\n\t\t<\/section>\n\t\t\t\t<section class=\"elementor-section elementor-top-section elementor-element elementor-element-7b3cb94 elementor-section-boxed elementor-section-height-default elementor-section-height-default\" data-id=\"7b3cb94\" data-element_type=\"section\" data-e-type=\"section\">\n\t\t\t\t\t\t<div class=\"elementor-container elementor-column-gap-default\">\n\t\t\t\t\t<div class=\"elementor-column elementor-col-100 elementor-top-column elementor-element elementor-element-e8841f7\" data-id=\"e8841f7\" data-element_type=\"column\" data-e-type=\"column\">\n\t\t\t<div class=\"elementor-widget-wrap\">\n\t\t\t\t\t\t\t<\/div>\n\t\t<\/div>\n\t\t\t\t\t<\/div>\n\t\t<\/section>\n\t\t\t\t<\/div>","protected":false},"excerpt":{"rendered":"<p>No posts found Kompania &#8220;Dijamanti&#8221; sh.p.k \u00ebsht\u00eb nj\u00eb histori suksesi q\u00eb nis q\u00eb nga viti 1986, nga themeluesi Njazi Kastrati n\u00eb fshatin Maxhar\u00eb t\u00eb Malishev\u00ebs. Nisur nga nj\u00eb vizion i qart\u00eb dhe p\u00ebrkushtimi [&hellip;]<\/p>\n","protected":false},"author":1,"featured_media":0,"parent":0,"menu_order":0,"comment_status":"closed","ping_status":"closed","template":"","meta":{"_acf_changed":false,"footnotes":""},"class_list":["post-1937","page","type-page","status-publish","hentry"],"acf":[],"_links":{"self":[{"href":"https:\/\/dijamant-ks.com\/en\/wp-json\/wp\/v2\/pages\/1937","targetHints":{"allow":["GET"]}}],"collection":[{"href":"https:\/\/dijamant-ks.com\/en\/wp-json\/wp\/v2\/pages"}],"about":[{"href":"https:\/\/dijamant-ks.com\/en\/wp-json\/wp\/v2\/types\/page"}],"author":[{"embeddable":true,"href":"https:\/\/dijamant-ks.com\/en\/wp-json\/wp\/v2\/users\/1"}],"replies":[{"embeddable":true,"href":"https:\/\/dijamant-ks.com\/en\/wp-json\/wp\/v2\/comments?post=1937"}],"version-history":[{"count":54,"href":"https:\/\/dijamant-ks.com\/en\/wp-json\/wp\/v2\/pages\/1937\/revisions"}],"predecessor-version":[{"id":4737,"href":"https:\/\/dijamant-ks.com\/en\/wp-json\/wp\/v2\/pages\/1937\/revisions\/4737"}],"wp:attachment":[{"href":"https:\/\/dijamant-ks.com\/en\/wp-json\/wp\/v2\/media?parent=1937"}],"curies":[{"name":"wp","href":"https:\/\/api.w.org\/{rel}","templated":true}]}}