{"id":2790,"date":"2022-04-16T08:44:59","date_gmt":"2022-04-16T08:44:59","guid":{"rendered":"https:\/\/janelaswp.themesflat.com\/?page_id=2790"},"modified":"2024-10-22T10:25:56","modified_gmt":"2024-10-22T10:25:56","slug":"contact-us","status":"publish","type":"page","link":"https:\/\/dijamant-ks.com\/en\/contact-us\/","title":{"rendered":"Contact"},"content":{"rendered":"<div data-elementor-type=\"wp-page\" data-elementor-id=\"2790\" class=\"elementor elementor-2790\">\n\t\t\t\t\t\t<section class=\"elementor-section elementor-top-section elementor-element elementor-element-94882f1 elementor-section-full_width elementor-section-stretched elementor-section-height-default elementor-section-height-default\" data-id=\"94882f1\" data-element_type=\"section\" data-e-type=\"section\" data-settings=\"{&quot;stretch_section&quot;:&quot;section-stretched&quot;}\">\n\t\t\t\t\t\t<div class=\"elementor-container elementor-column-gap-default\">\n\t\t\t\t\t<div class=\"elementor-column elementor-col-100 elementor-top-column elementor-element elementor-element-827caef\" data-id=\"827caef\" data-element_type=\"column\" data-e-type=\"column\">\n\t\t\t<div class=\"elementor-widget-wrap elementor-element-populated\">\n\t\t\t\t\t\t<section class=\"elementor-section elementor-inner-section elementor-element elementor-element-642c048 elementor-section-boxed elementor-section-height-default elementor-section-height-default\" data-id=\"642c048\" data-element_type=\"section\" data-e-type=\"section\">\n\t\t\t\t\t\t<div class=\"elementor-container elementor-column-gap-custom\">\n\t\t\t\t\t<div class=\"elementor-column elementor-col-100 elementor-inner-column elementor-element elementor-element-dac3174\" data-id=\"dac3174\" data-element_type=\"column\" data-e-type=\"column\">\n\t\t\t<div class=\"elementor-widget-wrap elementor-element-populated\">\n\t\t\t\t\t\t<div class=\"elementor-element elementor-element-d2690a9 elementor-widget elementor-widget-tf-heading-section\" data-id=\"d2690a9\" data-element_type=\"widget\" data-e-type=\"widget\" data-widget_type=\"tf-heading-section.default\">\n\t\t\t\t<div class=\"elementor-widget-container\">\n\t\t\t\t\t<div id=\"tf-heading-section-d2690a9\" class=\"tf-heading-section\" data-tabid=\"d2690a9\"> \r\n\t\t\t\t\r\n\t\t\t<div class=\"heading-section\">\r\n\t\t\t\t\r\n\t\t\t\t<h2 class=\"heading\">Contact us<\/h2>\r\n\t\t\t<\/div>                \r\n            <\/div>\t\t\t\t<\/div>\n\t\t\t\t<\/div>\n\t\t\t\t\t<\/div>\n\t\t<\/div>\n\t\t\t\t\t<\/div>\n\t\t<\/section>\n\t\t\t\t<section class=\"elementor-section elementor-inner-section elementor-element elementor-element-b3ebdb8 elementor-section-boxed elementor-section-height-default elementor-section-height-default\" data-id=\"b3ebdb8\" data-element_type=\"section\" data-e-type=\"section\">\n\t\t\t\t\t\t<div class=\"elementor-container elementor-column-gap-custom\">\n\t\t\t\t\t<div class=\"elementor-column elementor-col-33 elementor-inner-column elementor-element elementor-element-24cd3c4\" data-id=\"24cd3c4\" data-element_type=\"column\" data-e-type=\"column\">\n\t\t\t<div class=\"elementor-widget-wrap elementor-element-populated\">\n\t\t\t\t\t\t<div class=\"elementor-element elementor-element-113823e elementor-widget elementor-widget-tficonbox\" data-id=\"113823e\" data-element_type=\"widget\" data-e-type=\"widget\" data-widget_type=\"tficonbox.default\">\n\t\t\t\t<div class=\"elementor-widget-container\">\n\t\t\t\t\t\t\t\t\t\t<div class=\"tficonbox left\">\r\n\t\t\t\t\t\r\n\t\t\t\t\t\t\t\t\t<div class=\"wrap-icon square\">\r\n\t\t\t\t\t\t<div class=\"wrap-icon-inner icon top-to-bottom\">\r\n\t\t\t\t\t\t\t<i aria-hidden=\"true\" class=\"janelas-icon-location\"><\/i>\t\t\t\t\t\t<\/div>\r\n\t\t\t\t\t<\/div>\r\n\t\t\t\t\t\r\n\r\n\t\t\t\t<div class=\"content\">\r\n\t\t\t\t\t<h3 class=\"title\">Address<\/h3>\r\n\t\t\t\t\t<div class=\"description\"><p>Rr. Adem Jashari 24000 Malishev\u00eb<br \/>Sllatin\u00eb<br \/>Drenas (Zona industriale)<\/p><\/div>\t\t\t\t\t\r\n\t\t\t\t\t\r\n\t\t\t\t<\/div>\r\n\t\t\t<\/div>\r\n\t\t\t\t\t\t<\/div>\n\t\t\t\t<\/div>\n\t\t\t\t\t<\/div>\n\t\t<\/div>\n\t\t\t\t<div class=\"elementor-column elementor-col-33 elementor-inner-column elementor-element elementor-element-72b6a4d\" data-id=\"72b6a4d\" data-element_type=\"column\" data-e-type=\"column\">\n\t\t\t<div class=\"elementor-widget-wrap elementor-element-populated\">\n\t\t\t\t\t\t<div class=\"elementor-element elementor-element-5d01141 elementor-widget elementor-widget-tficonbox\" data-id=\"5d01141\" data-element_type=\"widget\" data-e-type=\"widget\" data-widget_type=\"tficonbox.default\">\n\t\t\t\t<div class=\"elementor-widget-container\">\n\t\t\t\t\t\t\t\t\t\t<div class=\"tficonbox left\">\r\n\t\t\t\t\t\r\n\t\t\t\t\t\t\t\t\t<div class=\"wrap-icon square\">\r\n\t\t\t\t\t\t<div class=\"wrap-icon-inner icon top-to-bottom\">\r\n\t\t\t\t\t\t\t<i aria-hidden=\"true\" class=\"janelas-icon-phone\"><\/i>\t\t\t\t\t\t<\/div>\r\n\t\t\t\t\t<\/div>\r\n\t\t\t\t\t\r\n\r\n\t\t\t\t<div class=\"content\">\r\n\t\t\t\t\t<h3 class=\"title\">Contact numbers<\/h3>\r\n\t\t\t\t\t<div class=\"description\"><p>+383 (44) 717 528<br \/>+383 (44) 365 698<br \/>+383 (49)370 037<\/p><\/div>\t\t\t\t\t\r\n\t\t\t\t\t\r\n\t\t\t\t<\/div>\r\n\t\t\t<\/div>\r\n\t\t\t\t\t\t<\/div>\n\t\t\t\t<\/div>\n\t\t\t\t\t<\/div>\n\t\t<\/div>\n\t\t\t\t<div class=\"elementor-column elementor-col-33 elementor-inner-column elementor-element elementor-element-d09e6e8\" data-id=\"d09e6e8\" data-element_type=\"column\" data-e-type=\"column\">\n\t\t\t<div class=\"elementor-widget-wrap elementor-element-populated\">\n\t\t\t\t\t\t<div class=\"elementor-element elementor-element-88740f6 elementor-widget elementor-widget-tficonbox\" data-id=\"88740f6\" data-element_type=\"widget\" data-e-type=\"widget\" data-widget_type=\"tficonbox.default\">\n\t\t\t\t<div class=\"elementor-widget-container\">\n\t\t\t\t\t\t\t\t\t\t<div class=\"tficonbox left\">\r\n\t\t\t\t\t\r\n\t\t\t\t\t\t\t\t\t<div class=\"wrap-icon square\">\r\n\t\t\t\t\t\t<div class=\"wrap-icon-inner icon top-to-bottom\">\r\n\t\t\t\t\t\t\t<i aria-hidden=\"true\" class=\"janelas-icon-mail\"><\/i>\t\t\t\t\t\t<\/div>\r\n\t\t\t\t\t<\/div>\r\n\t\t\t\t\t\r\n\r\n\t\t\t\t<div class=\"content\">\r\n\t\t\t\t\t<h3 class=\"title\">Email<\/h3>\r\n\t\t\t\t\t<div class=\"description\"><p>info@dijamant-ks.com<\/p><\/div>\t\t\t\t\t\r\n\t\t\t\t\t\r\n\t\t\t\t<\/div>\r\n\t\t\t<\/div>\r\n\t\t\t\t\t\t<\/div>\n\t\t\t\t<\/div>\n\t\t\t\t\t<\/div>\n\t\t<\/div>\n\t\t\t\t\t<\/div>\n\t\t<\/section>\n\t\t\t\t\t<\/div>\n\t\t<\/div>\n\t\t\t\t\t<\/div>\n\t\t<\/section>\n\t\t\t\t<section class=\"elementor-section elementor-top-section elementor-element elementor-element-40685e8 elementor-section-stretched elementor-section-boxed elementor-section-height-default elementor-section-height-default\" data-id=\"40685e8\" data-element_type=\"section\" data-e-type=\"section\" data-settings=\"{&quot;stretch_section&quot;:&quot;section-stretched&quot;}\">\n\t\t\t\t\t\t<div class=\"elementor-container elementor-column-gap-no\">\n\t\t\t\t\t<div class=\"elementor-column elementor-col-100 elementor-top-column elementor-element elementor-element-edc4b15\" data-id=\"edc4b15\" data-element_type=\"column\" data-e-type=\"column\">\n\t\t\t<div class=\"elementor-widget-wrap elementor-element-populated\">\n\t\t\t\t\t\t<div class=\"elementor-element elementor-element-0a59744 elementor-widget elementor-widget-tf-google_maps\" data-id=\"0a59744\" data-element_type=\"widget\" data-e-type=\"widget\" data-widget_type=\"tf-google_maps.default\">\n\t\t\t\t<div class=\"elementor-widget-container\">\n\t\t\t\t\t\t\t<div class=\"elementor-custom-embed\">\r\n\t\t\t<iframe\r\n\t\t\t\t\tsrc=\"https:\/\/maps.google.com\/maps?q=%3Ca%20href%20%3D%22https%3A%2F%2Fwww.google.com%2Fmaps%2Fembed%3Fpb%3D%211m14%211m8%211m3%211d11767.897427633572%212d20.7484447%213d42.4920978%213m2%211i1024%212i768%214f13.1%213m3%211m2%211s0x135375991de926ff%253A0x448a05783fc13025%212sDIJAMANTI%2520SHPK%215e0%213m2%211sen%212s%214v1707305425419%215m2%211sen%212s%22%20width%3D%22600%22%20height%3D%22450%22%20style%3D%22border%3A0%3B%22%20allowfullscreen%3D%22%22%20loading%3D%22lazy%22%20referrerpolicy%3D%22no-referrer-when-downgrade%22%3E&#038;t=m&#038;z=15&#038;output=embed&#038;iwloc=near\"\r\n\t\t\t\t\ttitle=\"&lt;a href =&quot;https:\/\/www.google.com\/maps\/embed?pb=!1m14!1m8!1m3!1d11767.897427633572!2d20.7484447!3d42.4920978!3m2!1i1024!2i768!4f13.1!3m3!1m2!1s0x135375991de926ff%3A0x448a05783fc13025!2sDIJAMANTI%20SHPK!5e0!3m2!1sen!2s!4v1707305425419!5m2!1sen!2s&quot; width=&quot;600&quot; height=&quot;450&quot; style=&quot;border:0;&quot; allowfullscreen=&quot;&quot; loading=&quot;lazy&quot; referrerpolicy=&quot;no-referrer-when-downgrade&quot;&gt;\"\r\n\t\t\t\t\taria-label=\"&lt;a href =&quot;https:\/\/www.google.com\/maps\/embed?pb=!1m14!1m8!1m3!1d11767.897427633572!2d20.7484447!3d42.4920978!3m2!1i1024!2i768!4f13.1!3m3!1m2!1s0x135375991de926ff%3A0x448a05783fc13025!2sDIJAMANTI%20SHPK!5e0!3m2!1sen!2s!4v1707305425419!5m2!1sen!2s&quot; width=&quot;600&quot; height=&quot;450&quot; style=&quot;border:0;&quot; allowfullscreen=&quot;&quot; loading=&quot;lazy&quot; referrerpolicy=&quot;no-referrer-when-downgrade&quot;&gt;\"\r\n\t\t\t><\/iframe>\r\n\t\t<\/div>\r\n\t\t\t\t\t\t<\/div>\n\t\t\t\t<\/div>\n\t\t\t\t<div class=\"elementor-element elementor-element-99cfa7e elementor-widget elementor-widget-spacer\" data-id=\"99cfa7e\" data-element_type=\"widget\" data-e-type=\"widget\" data-widget_type=\"spacer.default\">\n\t\t\t\t<div class=\"elementor-widget-container\">\n\t\t\t\t\t\t\t<div class=\"elementor-spacer\">\n\t\t\t<div class=\"elementor-spacer-inner\"><\/div>\n\t\t<\/div>\n\t\t\t\t\t\t<\/div>\n\t\t\t\t<\/div>\n\t\t\t\t<section class=\"elementor-section elementor-inner-section elementor-element elementor-element-94d325a elementor-section-boxed elementor-section-height-default elementor-section-height-default\" data-id=\"94d325a\" data-element_type=\"section\" data-e-type=\"section\">\n\t\t\t\t\t\t<div class=\"elementor-container elementor-column-gap-no\">\n\t\t\t\t\t<div class=\"elementor-column elementor-col-50 elementor-inner-column elementor-element elementor-element-5e5340a\" data-id=\"5e5340a\" data-element_type=\"column\" data-e-type=\"column\" data-settings=\"{&quot;background_background&quot;:&quot;classic&quot;}\">\n\t\t\t<div class=\"elementor-widget-wrap elementor-element-populated\">\n\t\t\t\t\t\t<div class=\"elementor-element elementor-element-f29cc33 elementor-widget elementor-widget-tf-heading-section\" data-id=\"f29cc33\" data-element_type=\"widget\" data-e-type=\"widget\" data-widget_type=\"tf-heading-section.default\">\n\t\t\t\t<div class=\"elementor-widget-container\">\n\t\t\t\t\t<div id=\"tf-heading-section-f29cc33\" class=\"tf-heading-section\" data-tabid=\"f29cc33\"> \r\n\t\t\t\t\r\n\t\t\t\t<div class=\"heading-section\">\r\n\t\t\t\t\t\r\n\t\t\t\t\t<h2 class=\"heading\">Write us a message<\/h2>\r\n\t\t\t\t\t<div class=\"sub-title\"><div class=\"lRu31\"><span class=\"HwtZe\" lang=\"sq\"><span class=\"jCAhz ChMk0b\"><span class=\"ryNqvb\">We are glad you are here!<\/span><\/span> <span class=\"jCAhz ChMk0b\"><span class=\"ryNqvb\">Feel free to share your thoughts and we are ready to listen.<\/span><\/span> <span class=\"jCAhz ChMk0b\"><span class=\"ryNqvb\">Your contribution means a lot to us.<\/span><\/span><\/span><\/div><\/div>\r\n\t\t\t\t<\/div>                \r\n            <\/div>\t\t\t\t<\/div>\n\t\t\t\t<\/div>\n\t\t\t\t<div class=\"elementor-element elementor-element-f938338 e-grid-align-left e-grid-align-tablet-left elementor-shape-rounded elementor-grid-0 elementor-widget elementor-widget-social-icons\" data-id=\"f938338\" data-element_type=\"widget\" data-e-type=\"widget\" data-widget_type=\"social-icons.default\">\n\t\t\t\t<div class=\"elementor-widget-container\">\n\t\t\t\t\t\t\t<div class=\"elementor-social-icons-wrapper elementor-grid\" role=\"list\">\n\t\t\t\t\t\t\t<span class=\"elementor-grid-item\" role=\"listitem\">\n\t\t\t\t\t<a class=\"elementor-icon elementor-social-icon elementor-social-icon-facebook-f elementor-repeater-item-7adc3eb\" href=\"https:\/\/www.facebook.com\/dijamantwood?mibextid=LQQJ4d&#038;rdid=eL4d2gBnSabAaTMR&#038;share_url=https%3A%2F%2Fwww.facebook.com%2Fshare%2FG3DM2jEb7VhP4h2L%2F%3Fmibextid%3DLQQJ4d\" target=\"_blank\">\n\t\t\t\t\t\t<span class=\"elementor-screen-only\">Facebook-f<\/span>\n\t\t\t\t\t\t<i aria-hidden=\"true\" class=\"fab fa-facebook-f\"><\/i>\t\t\t\t\t<\/a>\n\t\t\t\t<\/span>\n\t\t\t\t\t\t\t<span class=\"elementor-grid-item\" role=\"listitem\">\n\t\t\t\t\t<a class=\"elementor-icon elementor-social-icon elementor-social-icon-instagram elementor-repeater-item-b72beb8\" href=\"https:\/\/www.instagram.com\/dijamantwood\/?igsh=NnozZWZhZTdyMDNu\" target=\"_blank\">\n\t\t\t\t\t\t<span class=\"elementor-screen-only\">Instagram<\/span>\n\t\t\t\t\t\t<i aria-hidden=\"true\" class=\"fab fa-instagram\"><\/i>\t\t\t\t\t<\/a>\n\t\t\t\t<\/span>\n\t\t\t\t\t<\/div>\n\t\t\t\t\t\t<\/div>\n\t\t\t\t<\/div>\n\t\t\t\t\t<\/div>\n\t\t<\/div>\n\t\t\t\t<div class=\"elementor-column elementor-col-50 elementor-inner-column elementor-element elementor-element-2c4d18e\" data-id=\"2c4d18e\" data-element_type=\"column\" data-e-type=\"column\">\n\t\t\t<div class=\"elementor-widget-wrap elementor-element-populated\">\n\t\t\t\t\t\t<div class=\"elementor-element elementor-element-1c1a3d2 contact-home2 style-3 elementor-widget elementor-widget-shortcode\" data-id=\"1c1a3d2\" data-element_type=\"widget\" data-e-type=\"widget\" data-widget_type=\"shortcode.default\">\n\t\t\t\t<div class=\"elementor-widget-container\">\n\t\t\t\t\t\t\t<div class=\"elementor-shortcode\">\n<div class=\"wpcf7 no-js\" id=\"wpcf7-f4103-o1\" lang=\"en-US\" dir=\"ltr\" data-wpcf7-id=\"4103\">\n<div class=\"screen-reader-response\"><p role=\"status\" aria-live=\"polite\" aria-atomic=\"true\"><\/p> <ul><\/ul><\/div>\n<form action=\"\/en\/wp-json\/wp\/v2\/pages\/2790#wpcf7-f4103-o1\" method=\"post\" class=\"wpcf7-form init\" aria-label=\"Contact form\" novalidate=\"novalidate\" data-status=\"init\" data-trp-original-action=\"\/en\/wp-json\/wp\/v2\/pages\/2790#wpcf7-f4103-o1\">\n<fieldset class=\"hidden-fields-container\"><input type=\"hidden\" name=\"_wpcf7\" value=\"4103\" \/><input type=\"hidden\" name=\"_wpcf7_version\" value=\"6.1.5\" \/><input type=\"hidden\" name=\"_wpcf7_locale\" value=\"en_US\" \/><input type=\"hidden\" name=\"_wpcf7_unit_tag\" value=\"wpcf7-f4103-o1\" \/><input type=\"hidden\" name=\"_wpcf7_container_post\" value=\"0\" \/><input type=\"hidden\" name=\"_wpcf7_posted_data_hash\" value=\"\" \/>\n<\/fieldset>\n<div class=\"contact-get-quote\">\n      <div class=\"form-group\">\n        <span class=\"wpcf7-form-control-wrap\" data-name=\"your-name\"><input size=\"40\" maxlength=\"400\" class=\"wpcf7-form-control wpcf7-text wpcf7-validates-as-required\" aria-required=\"true\" aria-invalid=\"false\" placeholder=\"Name\" value=\"\" type=\"text\" name=\"your-name\" \/><\/span>\n        <span class=\"wpcf7-form-control-wrap\" data-name=\"your-phone\"><input size=\"40\" maxlength=\"400\" class=\"wpcf7-form-control wpcf7-text wpcf7-validates-as-required\" aria-required=\"true\" aria-invalid=\"false\" placeholder=\"Phone number\" value=\"\" type=\"text\" name=\"your-phone\" \/><\/span>\n      <\/div>\n      <div class=\"form-group\">\n        <span class=\"wpcf7-form-control-wrap\" data-name=\"your-email\"><input size=\"40\" maxlength=\"400\" class=\"wpcf7-form-control wpcf7-email wpcf7-text wpcf7-validates-as-email\" aria-invalid=\"false\" placeholder=\"Email\" value=\"\" type=\"email\" name=\"your-email\" \/><\/span>\n      <\/div>\n    <span class=\"wpcf7-form-control-wrap\" data-name=\"your-message\"><textarea cols=\"40\" rows=\"10\" maxlength=\"2000\" class=\"wpcf7-form-control wpcf7-textarea\" aria-invalid=\"false\" placeholder=\"Your message\" name=\"your-message\"><\/textarea><\/span>\n<button type=\"submit\">Send<\/button>\n   <\/div><div class=\"wpcf7-response-output\" aria-hidden=\"true\"><\/div>\n<input type=\"hidden\" name=\"trp-form-language\" value=\"en\"\/><\/form>\n<\/div>\n<\/div>\n\t\t\t\t\t\t<\/div>\n\t\t\t\t<\/div>\n\t\t\t\t\t<\/div>\n\t\t<\/div>\n\t\t\t\t\t<\/div>\n\t\t<\/section>\n\t\t\t\t\t<\/div>\n\t\t<\/div>\n\t\t\t\t\t<\/div>\n\t\t<\/section>\n\t\t\t\t<section class=\"elementor-section elementor-top-section elementor-element elementor-element-ffd0a0d elementor-section-boxed elementor-section-height-default elementor-section-height-default\" data-id=\"ffd0a0d\" data-element_type=\"section\" data-e-type=\"section\">\n\t\t\t\t\t\t<div class=\"elementor-container elementor-column-gap-default\">\n\t\t\t\t\t<div class=\"elementor-column elementor-col-100 elementor-top-column elementor-element elementor-element-33c6edc\" data-id=\"33c6edc\" data-element_type=\"column\" data-e-type=\"column\">\n\t\t\t<div class=\"elementor-widget-wrap elementor-element-populated\">\n\t\t\t\t\t\t<div class=\"elementor-element elementor-element-50412cc elementor-widget elementor-widget-spacer\" data-id=\"50412cc\" data-element_type=\"widget\" data-e-type=\"widget\" data-widget_type=\"spacer.default\">\n\t\t\t\t<div class=\"elementor-widget-container\">\n\t\t\t\t\t\t\t<div class=\"elementor-spacer\">\n\t\t\t<div class=\"elementor-spacer-inner\"><\/div>\n\t\t<\/div>\n\t\t\t\t\t\t<\/div>\n\t\t\t\t<\/div>\n\t\t\t\t\t<\/div>\n\t\t<\/div>\n\t\t\t\t\t<\/div>\n\t\t<\/section>\n\t\t\t\t<\/div>","protected":false},"excerpt":{"rendered":"<p>Na kontaktoni Adresa Rr. Adem Jashari 24000 Malishev\u00ebSllatin\u00ebDrenas (Zona industriale) Numrat kontaktues +383 (44) 717 528+383 (44) 365 698+383 (49)370 037 Email Adresat info@dijamant-ks.com Na shkruani nj\u00eb mesazh Jemi t\u00eb k\u00ebnaqur q\u00eb jeni [&hellip;]<\/p>\n","protected":false},"author":1,"featured_media":0,"parent":0,"menu_order":0,"comment_status":"closed","ping_status":"closed","template":"","meta":{"_acf_changed":false,"footnotes":""},"class_list":["post-2790","page","type-page","status-publish","hentry"],"acf":[],"_links":{"self":[{"href":"https:\/\/dijamant-ks.com\/en\/wp-json\/wp\/v2\/pages\/2790","targetHints":{"allow":["GET"]}}],"collection":[{"href":"https:\/\/dijamant-ks.com\/en\/wp-json\/wp\/v2\/pages"}],"about":[{"href":"https:\/\/dijamant-ks.com\/en\/wp-json\/wp\/v2\/types\/page"}],"author":[{"embeddable":true,"href":"https:\/\/dijamant-ks.com\/en\/wp-json\/wp\/v2\/users\/1"}],"replies":[{"embeddable":true,"href":"https:\/\/dijamant-ks.com\/en\/wp-json\/wp\/v2\/comments?post=2790"}],"version-history":[{"count":48,"href":"https:\/\/dijamant-ks.com\/en\/wp-json\/wp\/v2\/pages\/2790\/revisions"}],"predecessor-version":[{"id":4816,"href":"https:\/\/dijamant-ks.com\/en\/wp-json\/wp\/v2\/pages\/2790\/revisions\/4816"}],"wp:attachment":[{"href":"https:\/\/dijamant-ks.com\/en\/wp-json\/wp\/v2\/media?parent=2790"}],"curies":[{"name":"wp","href":"https:\/\/api.w.org\/{rel}","templated":true}]}}