{"id":3953,"date":"2022-05-30T03:09:50","date_gmt":"2022-05-30T03:09:50","guid":{"rendered":"https:\/\/janelaswp.themesflat.com\/?page_id=3953"},"modified":"2022-05-30T03:09:50","modified_gmt":"2022-05-30T03:09:50","slug":"elementor-3953","status":"publish","type":"page","link":"https:\/\/dijamant-ks.com\/en\/elementor-3953\/","title":{"rendered":"Elementor #3953"},"content":{"rendered":"<div data-elementor-type=\"wp-page\" data-elementor-id=\"3953\" class=\"elementor elementor-3953\">\n\t\t\t\t\t\t<section class=\"elementor-section elementor-top-section elementor-element elementor-element-2da5367e elementor-section-boxed elementor-section-height-default elementor-section-height-default\" data-id=\"2da5367e\" data-element_type=\"section\" data-e-type=\"section\">\n\t\t\t\t\t\t<div class=\"elementor-container elementor-column-gap-default\">\n\t\t\t\t\t<div class=\"elementor-column elementor-col-100 elementor-top-column elementor-element elementor-element-6cf0f60d\" data-id=\"6cf0f60d\" data-element_type=\"column\" data-e-type=\"column\">\n\t\t\t<div class=\"elementor-widget-wrap elementor-element-populated\">\n\t\t\t\t\t\t<div class=\"elementor-element elementor-element-3efd50b elementor-widget elementor-widget-tfposts\" data-id=\"3efd50b\" data-element_type=\"widget\" data-e-type=\"widget\" data-widget_type=\"tfposts.default\">\n\t\t\t\t<div class=\"elementor-widget-container\">\n\t\t\t\t\t\t\t\t<div id=\"tf-posts-3efd50b\" class=\"tf-posts style1 column-3 tablet-column-1 mobile-column-1 no-carousel\" data-tabid=\"3efd50b\" data-loop=\"\" data-auto=\"\" data-column=\"\" data-column2=\"\" data-column3=\"\" data-prev_icon=\"\" data-next_icon=\"\" data-arrow=\"\" data-bullets=\"\" >\r\n\t\t\t\t\t\t\t\t\t\t\t\t\t\t\t\r\n\t\t\t\t\t\t<div class=\"item\">\r\n\t\t\t\t\t\t\t<div class=\"entry blog-post\">\r\n\t\t\t\t\t\t\t\t\t\t\t\t\t\t\t\t\r\n\t\t\t\t\t\t\t\t\t<div class=\"featured-post\">\r\n\t\t\t\t\t\t\t\t\t\t<a href=\"https:\/\/dijamant-ks.com\/en\/lajm-1\/\">\r\n\t\t\t\t\t\t\t\t\t\t\t<img decoding=\"async\" src=\"https:\/\/dijamant-ks.com\/wp-content\/uploads\/2023\/08\/Dijamant-12-1024x768.jpg\" alt=\"image\">\t\t\t\t\t\t\t\t\t\t\t<span class=\"blog-plus\"><\/span>\r\n\t\t\t\t\t\t\t\t\t\t<\/a>\r\n\t\t\t\t\t\t\t\t\t<\/div>\r\n\t\t\t\t\t\t\t\t\t\t\t\t\t\t\t\t\r\n\t\t\t\t\t\t\t\t<div class=\"content\">\r\n\t\t\t\t\t\t\t\t\t\t\t\t\t\t\t\t\t\t\t\t<div class=\"post-date\">\r\n\t\t\t\t\t\t\t\t\t\t\t\t<span class=\"post-date-item\">\r\n\t\t\t\t\t\t\t\t\t\t\t\t\t\t\t\t\t\t\t\t\t\t\t\t\t\t<a href=\"https:\/\/dijamant-ks.com\/en\/07\/04\/2022\/\">April 7, 2022<\/a>\r\n\t\t\t\t\t\t\t\t\t\t\t\t<\/span>\r\n\t\t\t\t\t\t\t\t\t\t\t<\/div>\r\n\t\t\t\t\t\t\t\t\t\t\t\t\t\t\t\t\t\t\t\t\t\t\t\t\t\t\t\t\t\t\t<div class=\"post-meta-inner\">\r\n\t\t\t\t\t\t\t\t\t\t\t\t<div class=\"post-meta-item\">\r\n\t\t\t\t\t\t\t\t\t\t\t\t\t<i class=\"meta-icon far fa-user\" aria-hidden=\"true\"><\/i>\r\n\t\t\t\t\t\t\t\t\t\t\t\t\t<a href=\"https:\/\/dijamant-ks.com\/en\/author\/adminkosova\/\">adminkosova<\/a>\t\t\t\t\t\t\t\t\t\t\r\n\t\t\t\t\t\t\t\t\t\t\t\t<\/div>\r\n\t\t\t\t\t\t\t\t\t\t\t\t<div class=\"post-meta-item\">\r\n\t\t\t\t\t\t\t\t\t\t\t\t\t<i class=\"meta-icon far fa-folder-open\" aria-hidden=\"true\"><\/i>\r\n\t\t\t\t\t\t\t\t\t\t\t\t\t<a href=\"https:\/\/dijamant-ks.com\/en\/category\/lajme\/\" rel=\"category tag\">Lajme<\/a>\t\t\t\t\t\t\t\t\t\t\t\t<\/div>\r\n\t\t\t\t\t\t\t\t\t\t\t<\/div>\r\n\t\t\t\t\t\t\t\t\t\t\t\r\n\t\t\t\t\t\t\t\t\t\t\t\r\n\t\t\t\t\t\t\t\t\t\t\t\r\n\r\n\t\t\t\t\t\t\t\t\t\t\t\t\t\t\t\t\t\t\t<h2 class=\"title\"><a href=\"https:\/\/dijamant-ks.com\/en\/lajm-1\/\" title=\"Kompania &#8216;Dijamanti&#8217; sh.p.k Sh\u00ebnon 35 Vjetorin e Suksesit n\u00eb Industrin\u00eb e Materialeve t\u00eb Drurit\">Kompania &#8216;Dijamanti&#8217; sh.p.k Sh\u00ebnon 35 Vjetorin e Suksesit n\u00eb Industrin\u00eb e Materialeve t\u00eb Drurit<\/a><\/h2>\r\n\t\t\t\t\t\t\t\t\t\t\t\t\t\t\t\t\t\t\t\t\t\t\t\r\n\r\n\t\t\t\t\t\t\t\t\t\t\t\t\t\t\t\t\t\t\r\n\t\t\t\t\t\t\t\t\t\t\t\t\t\t\t\t\t\t\t<div class=\"tf-button-container\">\r\n\t\t\t\t\t\t\t\t\t\t\t<a href=\"https:\/\/dijamant-ks.com\/en\/lajm-1\/\" class=\"tf-button\">\r\n\t\t\t\t\t\t\t\t\t\t\t<i class=\"fas fa-arrow-alt-circle-right\" aria-hidden=\"true\"><\/i>\t\t\t\t\t\t\t\t\t\t\tRead More\t\t\t\t\t\t\t\t\t\t<\/a>\r\n\t\t\t\t\t\t\t\t\t\t<\/div>\r\n\t\t\t\t\t\t\t\t\t\t\t\t\t\t\t\r\n\t\t\t\t\t\t\t\t<\/div>\t\t\t\t\t\t\r\n\t\t\t\t\t\t\t<\/div>\r\n\t\t\t\t\t\t<\/div>\t\t\t\t\t\t\r\n\t\t\t\t\t\t\t\t\t\t\t\r\n\t\t\t\t\t\t<div class=\"item\">\r\n\t\t\t\t\t\t\t<div class=\"entry blog-post\">\r\n\t\t\t\t\t\t\t\t\t\t\t\t\t\t\t\t\r\n\t\t\t\t\t\t\t\t\t<div class=\"featured-post\">\r\n\t\t\t\t\t\t\t\t\t\t<a href=\"https:\/\/dijamant-ks.com\/en\/lajm-2\/\">\r\n\t\t\t\t\t\t\t\t\t\t\t<img decoding=\"async\" src=\"https:\/\/dijamant-ks.com\/wp-content\/uploads\/2023\/08\/Dijamant-11-1024x768.jpg\" alt=\"image\">\t\t\t\t\t\t\t\t\t\t\t<span class=\"blog-plus\"><\/span>\r\n\t\t\t\t\t\t\t\t\t\t<\/a>\r\n\t\t\t\t\t\t\t\t\t<\/div>\r\n\t\t\t\t\t\t\t\t\t\t\t\t\t\t\t\t\r\n\t\t\t\t\t\t\t\t<div class=\"content\">\r\n\t\t\t\t\t\t\t\t\t\t\t\t\t\t\t\t\t\t\t\t<div class=\"post-date\">\r\n\t\t\t\t\t\t\t\t\t\t\t\t<span class=\"post-date-item\">\r\n\t\t\t\t\t\t\t\t\t\t\t\t\t\t\t\t\t\t\t\t\t\t\t\t\t\t<a href=\"https:\/\/dijamant-ks.com\/en\/07\/04\/2022\/\">April 7, 2022<\/a>\r\n\t\t\t\t\t\t\t\t\t\t\t\t<\/span>\r\n\t\t\t\t\t\t\t\t\t\t\t<\/div>\r\n\t\t\t\t\t\t\t\t\t\t\t\t\t\t\t\t\t\t\t\t\t\t\t\t\t\t\t\t\t\t\t<div class=\"post-meta-inner\">\r\n\t\t\t\t\t\t\t\t\t\t\t\t<div class=\"post-meta-item\">\r\n\t\t\t\t\t\t\t\t\t\t\t\t\t<i class=\"meta-icon far fa-user\" aria-hidden=\"true\"><\/i>\r\n\t\t\t\t\t\t\t\t\t\t\t\t\t<a href=\"https:\/\/dijamant-ks.com\/en\/author\/adminkosova\/\">adminkosova<\/a>\t\t\t\t\t\t\t\t\t\t\r\n\t\t\t\t\t\t\t\t\t\t\t\t<\/div>\r\n\t\t\t\t\t\t\t\t\t\t\t\t<div class=\"post-meta-item\">\r\n\t\t\t\t\t\t\t\t\t\t\t\t\t<i class=\"meta-icon far fa-folder-open\" aria-hidden=\"true\"><\/i>\r\n\t\t\t\t\t\t\t\t\t\t\t\t\t<a href=\"https:\/\/dijamant-ks.com\/en\/category\/lajme\/\" rel=\"category tag\">Lajme<\/a>\t\t\t\t\t\t\t\t\t\t\t\t<\/div>\r\n\t\t\t\t\t\t\t\t\t\t\t<\/div>\r\n\t\t\t\t\t\t\t\t\t\t\t\r\n\t\t\t\t\t\t\t\t\t\t\t\r\n\t\t\t\t\t\t\t\t\t\t\t\r\n\r\n\t\t\t\t\t\t\t\t\t\t\t\t\t\t\t\t\t\t\t<h2 class=\"title\"><a href=\"https:\/\/dijamant-ks.com\/en\/lajm-2\/\" title=\"P\u00ebrparimi Teknologjik i Kompanis\u00eb &#8216;Dijamanti&#8217; sh.p.k: P\u00ebrmbysja n\u00eb Industrin\u00eb e Materialeve t\u00eb Drurit\">P\u00ebrparimi Teknologjik i Kompanis\u00eb &#8216;Dijamanti&#8217; sh.p.k: P\u00ebrmbysja n\u00eb Industrin\u00eb e Materialeve t\u00eb Drurit<\/a><\/h2>\r\n\t\t\t\t\t\t\t\t\t\t\t\t\t\t\t\t\t\t\t\t\t\t\t\r\n\r\n\t\t\t\t\t\t\t\t\t\t\t\t\t\t\t\t\t\t\r\n\t\t\t\t\t\t\t\t\t\t\t\t\t\t\t\t\t\t\t<div class=\"tf-button-container\">\r\n\t\t\t\t\t\t\t\t\t\t\t<a href=\"https:\/\/dijamant-ks.com\/en\/lajm-2\/\" class=\"tf-button\">\r\n\t\t\t\t\t\t\t\t\t\t\t<i class=\"fas fa-arrow-alt-circle-right\" aria-hidden=\"true\"><\/i>\t\t\t\t\t\t\t\t\t\t\tRead More\t\t\t\t\t\t\t\t\t\t<\/a>\r\n\t\t\t\t\t\t\t\t\t\t<\/div>\r\n\t\t\t\t\t\t\t\t\t\t\t\t\t\t\t\r\n\t\t\t\t\t\t\t\t<\/div>\t\t\t\t\t\t\r\n\t\t\t\t\t\t\t<\/div>\r\n\t\t\t\t\t\t<\/div>\t\t\t\t\t\t\r\n\t\t\t\t\t\t\t\t\t\t\t\r\n\t\t\t\t\t\t<div class=\"item\">\r\n\t\t\t\t\t\t\t<div class=\"entry blog-post\">\r\n\t\t\t\t\t\t\t\t\t\t\t\t\t\t\t\t\r\n\t\t\t\t\t\t\t\t\t<div class=\"featured-post\">\r\n\t\t\t\t\t\t\t\t\t\t<a href=\"https:\/\/dijamant-ks.com\/en\/lajm-3\/\">\r\n\t\t\t\t\t\t\t\t\t\t\t<img decoding=\"async\" src=\"https:\/\/dijamant-ks.com\/wp-content\/uploads\/2023\/08\/Dijamant-5.jpg\" alt=\"image\">\t\t\t\t\t\t\t\t\t\t\t<span class=\"blog-plus\"><\/span>\r\n\t\t\t\t\t\t\t\t\t\t<\/a>\r\n\t\t\t\t\t\t\t\t\t<\/div>\r\n\t\t\t\t\t\t\t\t\t\t\t\t\t\t\t\t\r\n\t\t\t\t\t\t\t\t<div class=\"content\">\r\n\t\t\t\t\t\t\t\t\t\t\t\t\t\t\t\t\t\t\t\t<div class=\"post-date\">\r\n\t\t\t\t\t\t\t\t\t\t\t\t<span class=\"post-date-item\">\r\n\t\t\t\t\t\t\t\t\t\t\t\t\t\t\t\t\t\t\t\t\t\t\t\t\t\t<a href=\"https:\/\/dijamant-ks.com\/en\/07\/04\/2022\/\">April 7, 2022<\/a>\r\n\t\t\t\t\t\t\t\t\t\t\t\t<\/span>\r\n\t\t\t\t\t\t\t\t\t\t\t<\/div>\r\n\t\t\t\t\t\t\t\t\t\t\t\t\t\t\t\t\t\t\t\t\t\t\t\t\t\t\t\t\t\t\t<div class=\"post-meta-inner\">\r\n\t\t\t\t\t\t\t\t\t\t\t\t<div class=\"post-meta-item\">\r\n\t\t\t\t\t\t\t\t\t\t\t\t\t<i class=\"meta-icon far fa-user\" aria-hidden=\"true\"><\/i>\r\n\t\t\t\t\t\t\t\t\t\t\t\t\t<a href=\"https:\/\/dijamant-ks.com\/en\/author\/adminkosova\/\">adminkosova<\/a>\t\t\t\t\t\t\t\t\t\t\r\n\t\t\t\t\t\t\t\t\t\t\t\t<\/div>\r\n\t\t\t\t\t\t\t\t\t\t\t\t<div class=\"post-meta-item\">\r\n\t\t\t\t\t\t\t\t\t\t\t\t\t<i class=\"meta-icon far fa-folder-open\" aria-hidden=\"true\"><\/i>\r\n\t\t\t\t\t\t\t\t\t\t\t\t\t<a href=\"https:\/\/dijamant-ks.com\/en\/category\/lajme\/\" rel=\"category tag\">Lajme<\/a>\t\t\t\t\t\t\t\t\t\t\t\t<\/div>\r\n\t\t\t\t\t\t\t\t\t\t\t<\/div>\r\n\t\t\t\t\t\t\t\t\t\t\t\r\n\t\t\t\t\t\t\t\t\t\t\t\r\n\t\t\t\t\t\t\t\t\t\t\t\r\n\r\n\t\t\t\t\t\t\t\t\t\t\t\t\t\t\t\t\t\t\t<h2 class=\"title\"><a href=\"https:\/\/dijamant-ks.com\/en\/lajm-3\/\" title=\"Dijamanti sh.p.k Ndihmon n\u00eb Nd\u00ebrtimin e Ambjenteve t\u00eb M\u00ebdha me Panelet e Drurit t\u00eb Laminuar\">Dijamanti sh.p.k Ndihmon n\u00eb Nd\u00ebrtimin e Ambjenteve t\u00eb M\u00ebdha me Panelet e Drurit t\u00eb Laminuar<\/a><\/h2>\r\n\t\t\t\t\t\t\t\t\t\t\t\t\t\t\t\t\t\t\t\t\t\t\t\r\n\r\n\t\t\t\t\t\t\t\t\t\t\t\t\t\t\t\t\t\t\r\n\t\t\t\t\t\t\t\t\t\t\t\t\t\t\t\t\t\t\t<div class=\"tf-button-container\">\r\n\t\t\t\t\t\t\t\t\t\t\t<a href=\"https:\/\/dijamant-ks.com\/en\/lajm-3\/\" class=\"tf-button\">\r\n\t\t\t\t\t\t\t\t\t\t\t<i class=\"fas fa-arrow-alt-circle-right\" aria-hidden=\"true\"><\/i>\t\t\t\t\t\t\t\t\t\t\tRead More\t\t\t\t\t\t\t\t\t\t<\/a>\r\n\t\t\t\t\t\t\t\t\t\t<\/div>\r\n\t\t\t\t\t\t\t\t\t\t\t\t\t\t\t\r\n\t\t\t\t\t\t\t\t<\/div>\t\t\t\t\t\t\r\n\t\t\t\t\t\t\t<\/div>\r\n\t\t\t\t\t\t<\/div>\t\t\t\t\t\t\r\n\t\t\t\t\t\t\t\t\t\t\t\t\t\t\t\t<\/div>\r\n\t\t\t\t\t\t<\/div>\n\t\t\t\t<\/div>\n\t\t\t\t<div class=\"elementor-element elementor-element-b9cfa4c elementor-widget elementor-widget-tfposts\" data-id=\"b9cfa4c\" data-element_type=\"widget\" data-e-type=\"widget\" data-widget_type=\"tfposts.default\">\n\t\t\t\t<div class=\"elementor-widget-container\">\n\t\t\t\t\t\t\t\t<div id=\"tf-posts-b9cfa4c\" class=\"tf-posts style2 column-3 tablet-column-1 mobile-column-1 no-carousel\" data-tabid=\"b9cfa4c\" data-loop=\"\" data-auto=\"\" data-column=\"\" data-column2=\"\" data-column3=\"\" data-prev_icon=\"\" data-next_icon=\"\" data-arrow=\"\" data-bullets=\"\" >\r\n\t\t\t\t\t\t\t\t\t\t\t\t\t\t\t\r\n\t\t\t\t\t\t<div class=\"item\">\r\n\t\t\t\t\t\t\t<div class=\"entry blog-post\">\r\n\t\t\t\t\t\t\t\t\t\t\t\t\t\t\t\t\r\n\t\t\t\t\t\t\t\t\t<div class=\"featured-post\">\r\n\t\t\t\t\t\t\t\t\t\t<a href=\"https:\/\/dijamant-ks.com\/en\/lajm-1\/\">\r\n\t\t\t\t\t\t\t\t\t\t\t<img decoding=\"async\" src=\"https:\/\/dijamant-ks.com\/wp-content\/uploads\/2023\/08\/Dijamant-12-1024x768.jpg\" alt=\"image\">\t\t\t\t\t\t\t\t\t\t\t<span class=\"blog-plus\"><\/span>\r\n\t\t\t\t\t\t\t\t\t\t<\/a>\r\n\t\t\t\t\t\t\t\t\t<\/div>\r\n\t\t\t\t\t\t\t\t\t\t\t\t\t\t\t\t\r\n\t\t\t\t\t\t\t\t<div class=\"content\">\r\n\t\t\t\t\t\t\t\t\t\t\t\t\t\t\t\t\t\t\t\t\r\n\t\t\t\t\t\t\t\t\t\t\t\t\t\t\t\t\t\t\t\t\t\t<div class=\"post-meta-item-category\">\r\n\t\t\t\t\t\t\t\t\t\t\t\t\t<i class=\"meta-icon far fa-folder-open\" aria-hidden=\"true\"><\/i>\r\n\t\t\t\t\t\t\t\t\t\t\t\t\t<a href=\"https:\/\/dijamant-ks.com\/en\/category\/lajme\/\" rel=\"category tag\">Lajme<\/a>\t\t\t\t\t\t\t\t\t\t\t\t<\/div>\r\n\t\t\t\t\t\t\t\t\t\t\t\r\n\t\t\t\t\t\t\t\t\t\t\t\t\t\t\t\t\t\t\t\t\t<div class=\"post-meta-inner\">\r\n\t\t\t\t\t\t\t\t\t\t\t\t<div class=\"post-meta-item\">\r\n\t\t\t\t\t\t\t\t\t\t\t\t\t<i class=\"meta-icon far fa-user\" aria-hidden=\"true\"><\/i>\r\n\t\t\t\t\t\t\t\t\t\t\t\t\t<a href=\"https:\/\/dijamant-ks.com\/en\/author\/adminkosova\/\">adminkosova<\/a>\t\t\t\t\t\t\t\t\t\t\r\n\t\t\t\t\t\t\t\t\t\t\t\t<\/div>\r\n\t\t\t\t\t\t\t\t\t\t\t<\/div>\r\n\t\t\t\t\t\t\t\t\t\t\t\r\n\r\n\t\t\t\t\t\t\t\t\t\t\t\t\t\t\t\t\t\t\t<h2 class=\"title\"><a href=\"https:\/\/dijamant-ks.com\/en\/lajm-1\/\" title=\"Kompania &#8216;Dijamanti&#8217; sh.p.k Sh\u00ebnon 35 Vjetorin e Suksesit n\u00eb Industrin\u00eb e Materialeve t\u00eb Drurit\">Kompania &#8216;Dijamanti&#8217; sh.p.k Sh\u00ebnon 35 Vjetorin e Suksesit n\u00eb Industrin\u00eb e Materialeve t\u00eb Drurit<\/a><\/h2>\r\n\t\t\t\t\t\t\t\t\t\t\t\t\t\t\t\t\t\t\t\t\t\t\t\r\n\r\n\t\t\t\t\t\t\t\t\t\t\t\t\t\t\t\t\t\t\t\t<div class=\"post-date\">\r\n\t\t\t\t\t\t\t\t\t\t\t\t<span class=\"post-date-item\">\r\n\t\t\t\t\t\t\t\t\t\t\t\t\t\t\t\t\t\t\t\t\t\t\t\t\t\t<a href=\"https:\/\/dijamant-ks.com\/en\/07\/04\/2022\/\">April 7, 2022<\/a>\r\n\t\t\t\t\t\t\t\t\t\t\t\t<\/span>\r\n\t\t\t\t\t\t\t\t\t\t\t<\/div>\r\n\t\t\t\t\t\t\t\t\t\t\t\t\t\t\t\t\t\t\t\r\n\t\t\t\t\t\t\t\t\t\t\t\t\t\t\t\r\n\t\t\t\t\t\t\t\t<\/div>\t\t\t\t\t\t\r\n\t\t\t\t\t\t\t<\/div>\r\n\t\t\t\t\t\t<\/div>\t\t\t\t\t\t\r\n\t\t\t\t\t\t\t\t\t\t\t\r\n\t\t\t\t\t\t<div class=\"item\">\r\n\t\t\t\t\t\t\t<div class=\"entry blog-post\">\r\n\t\t\t\t\t\t\t\t\t\t\t\t\t\t\t\t\r\n\t\t\t\t\t\t\t\t\t<div class=\"featured-post\">\r\n\t\t\t\t\t\t\t\t\t\t<a href=\"https:\/\/dijamant-ks.com\/en\/lajm-2\/\">\r\n\t\t\t\t\t\t\t\t\t\t\t<img decoding=\"async\" src=\"https:\/\/dijamant-ks.com\/wp-content\/uploads\/2023\/08\/Dijamant-11-1024x768.jpg\" alt=\"image\">\t\t\t\t\t\t\t\t\t\t\t<span class=\"blog-plus\"><\/span>\r\n\t\t\t\t\t\t\t\t\t\t<\/a>\r\n\t\t\t\t\t\t\t\t\t<\/div>\r\n\t\t\t\t\t\t\t\t\t\t\t\t\t\t\t\t\r\n\t\t\t\t\t\t\t\t<div class=\"content\">\r\n\t\t\t\t\t\t\t\t\t\t\t\t\t\t\t\t\t\t\t\t\r\n\t\t\t\t\t\t\t\t\t\t\t\t\t\t\t\t\t\t\t\t\t\t<div class=\"post-meta-item-category\">\r\n\t\t\t\t\t\t\t\t\t\t\t\t\t<i class=\"meta-icon far fa-folder-open\" aria-hidden=\"true\"><\/i>\r\n\t\t\t\t\t\t\t\t\t\t\t\t\t<a href=\"https:\/\/dijamant-ks.com\/en\/category\/lajme\/\" rel=\"category tag\">Lajme<\/a>\t\t\t\t\t\t\t\t\t\t\t\t<\/div>\r\n\t\t\t\t\t\t\t\t\t\t\t\r\n\t\t\t\t\t\t\t\t\t\t\t\t\t\t\t\t\t\t\t\t\t<div class=\"post-meta-inner\">\r\n\t\t\t\t\t\t\t\t\t\t\t\t<div class=\"post-meta-item\">\r\n\t\t\t\t\t\t\t\t\t\t\t\t\t<i class=\"meta-icon far fa-user\" aria-hidden=\"true\"><\/i>\r\n\t\t\t\t\t\t\t\t\t\t\t\t\t<a href=\"https:\/\/dijamant-ks.com\/en\/author\/adminkosova\/\">adminkosova<\/a>\t\t\t\t\t\t\t\t\t\t\r\n\t\t\t\t\t\t\t\t\t\t\t\t<\/div>\r\n\t\t\t\t\t\t\t\t\t\t\t<\/div>\r\n\t\t\t\t\t\t\t\t\t\t\t\r\n\r\n\t\t\t\t\t\t\t\t\t\t\t\t\t\t\t\t\t\t\t<h2 class=\"title\"><a href=\"https:\/\/dijamant-ks.com\/en\/lajm-2\/\" title=\"P\u00ebrparimi Teknologjik i Kompanis\u00eb &#8216;Dijamanti&#8217; sh.p.k: P\u00ebrmbysja n\u00eb Industrin\u00eb e Materialeve t\u00eb Drurit\">P\u00ebrparimi Teknologjik i Kompanis\u00eb &#8216;Dijamanti&#8217; sh.p.k: P\u00ebrmbysja n\u00eb Industrin\u00eb e Materialeve t\u00eb Drurit<\/a><\/h2>\r\n\t\t\t\t\t\t\t\t\t\t\t\t\t\t\t\t\t\t\t\t\t\t\t\r\n\r\n\t\t\t\t\t\t\t\t\t\t\t\t\t\t\t\t\t\t\t\t<div class=\"post-date\">\r\n\t\t\t\t\t\t\t\t\t\t\t\t<span class=\"post-date-item\">\r\n\t\t\t\t\t\t\t\t\t\t\t\t\t\t\t\t\t\t\t\t\t\t\t\t\t\t<a href=\"https:\/\/dijamant-ks.com\/en\/07\/04\/2022\/\">April 7, 2022<\/a>\r\n\t\t\t\t\t\t\t\t\t\t\t\t<\/span>\r\n\t\t\t\t\t\t\t\t\t\t\t<\/div>\r\n\t\t\t\t\t\t\t\t\t\t\t\t\t\t\t\t\t\t\t\r\n\t\t\t\t\t\t\t\t\t\t\t\t\t\t\t\r\n\t\t\t\t\t\t\t\t<\/div>\t\t\t\t\t\t\r\n\t\t\t\t\t\t\t<\/div>\r\n\t\t\t\t\t\t<\/div>\t\t\t\t\t\t\r\n\t\t\t\t\t\t\t\t\t\t\t\r\n\t\t\t\t\t\t<div class=\"item\">\r\n\t\t\t\t\t\t\t<div class=\"entry blog-post\">\r\n\t\t\t\t\t\t\t\t\t\t\t\t\t\t\t\t\r\n\t\t\t\t\t\t\t\t\t<div class=\"featured-post\">\r\n\t\t\t\t\t\t\t\t\t\t<a href=\"https:\/\/dijamant-ks.com\/en\/lajm-3\/\">\r\n\t\t\t\t\t\t\t\t\t\t\t<img decoding=\"async\" src=\"https:\/\/dijamant-ks.com\/wp-content\/uploads\/2023\/08\/Dijamant-5.jpg\" alt=\"image\">\t\t\t\t\t\t\t\t\t\t\t<span class=\"blog-plus\"><\/span>\r\n\t\t\t\t\t\t\t\t\t\t<\/a>\r\n\t\t\t\t\t\t\t\t\t<\/div>\r\n\t\t\t\t\t\t\t\t\t\t\t\t\t\t\t\t\r\n\t\t\t\t\t\t\t\t<div class=\"content\">\r\n\t\t\t\t\t\t\t\t\t\t\t\t\t\t\t\t\t\t\t\t\r\n\t\t\t\t\t\t\t\t\t\t\t\t\t\t\t\t\t\t\t\t\t\t<div class=\"post-meta-item-category\">\r\n\t\t\t\t\t\t\t\t\t\t\t\t\t<i class=\"meta-icon far fa-folder-open\" aria-hidden=\"true\"><\/i>\r\n\t\t\t\t\t\t\t\t\t\t\t\t\t<a href=\"https:\/\/dijamant-ks.com\/en\/category\/lajme\/\" rel=\"category tag\">Lajme<\/a>\t\t\t\t\t\t\t\t\t\t\t\t<\/div>\r\n\t\t\t\t\t\t\t\t\t\t\t\r\n\t\t\t\t\t\t\t\t\t\t\t\t\t\t\t\t\t\t\t\t\t<div class=\"post-meta-inner\">\r\n\t\t\t\t\t\t\t\t\t\t\t\t<div class=\"post-meta-item\">\r\n\t\t\t\t\t\t\t\t\t\t\t\t\t<i class=\"meta-icon far fa-user\" aria-hidden=\"true\"><\/i>\r\n\t\t\t\t\t\t\t\t\t\t\t\t\t<a href=\"https:\/\/dijamant-ks.com\/en\/author\/adminkosova\/\">adminkosova<\/a>\t\t\t\t\t\t\t\t\t\t\r\n\t\t\t\t\t\t\t\t\t\t\t\t<\/div>\r\n\t\t\t\t\t\t\t\t\t\t\t<\/div>\r\n\t\t\t\t\t\t\t\t\t\t\t\r\n\r\n\t\t\t\t\t\t\t\t\t\t\t\t\t\t\t\t\t\t\t<h2 class=\"title\"><a href=\"https:\/\/dijamant-ks.com\/en\/lajm-3\/\" title=\"Dijamanti sh.p.k Ndihmon n\u00eb Nd\u00ebrtimin e Ambjenteve t\u00eb M\u00ebdha me Panelet e Drurit t\u00eb Laminuar\">Dijamanti sh.p.k Ndihmon n\u00eb Nd\u00ebrtimin e Ambjenteve t\u00eb M\u00ebdha me Panelet e Drurit t\u00eb Laminuar<\/a><\/h2>\r\n\t\t\t\t\t\t\t\t\t\t\t\t\t\t\t\t\t\t\t\t\t\t\t\r\n\r\n\t\t\t\t\t\t\t\t\t\t\t\t\t\t\t\t\t\t\t\t<div class=\"post-date\">\r\n\t\t\t\t\t\t\t\t\t\t\t\t<span class=\"post-date-item\">\r\n\t\t\t\t\t\t\t\t\t\t\t\t\t\t\t\t\t\t\t\t\t\t\t\t\t\t<a href=\"https:\/\/dijamant-ks.com\/en\/07\/04\/2022\/\">April 7, 2022<\/a>\r\n\t\t\t\t\t\t\t\t\t\t\t\t<\/span>\r\n\t\t\t\t\t\t\t\t\t\t\t<\/div>\r\n\t\t\t\t\t\t\t\t\t\t\t\t\t\t\t\t\t\t\t\r\n\t\t\t\t\t\t\t\t\t\t\t\t\t\t\t\r\n\t\t\t\t\t\t\t\t<\/div>\t\t\t\t\t\t\r\n\t\t\t\t\t\t\t<\/div>\r\n\t\t\t\t\t\t<\/div>\t\t\t\t\t\t\r\n\t\t\t\t\t\t\t\t\t\t\t\t\t\t\t\t<\/div>\r\n\t\t\t\t\t\t<\/div>\n\t\t\t\t<\/div>\n\t\t\t\t\t<\/div>\n\t\t<\/div>\n\t\t\t\t\t<\/div>\n\t\t<\/section>\n\t\t\t\t<\/div>","protected":false},"excerpt":{"rendered":"<p>7 April, 2022 huycuong Nullam dolor gravida Mauris Neque Nisiibus Non Elementum Read More 7 April, 2022 huycuong Pharetra amet Mauris Neque Nisiibus Non Elementum Read More 7 April, 2022 huycuong Auctor mattis [&hellip;]<\/p>\n","protected":false},"author":1,"featured_media":0,"parent":0,"menu_order":0,"comment_status":"closed","ping_status":"closed","template":"","meta":{"_acf_changed":false,"footnotes":""},"class_list":["post-3953","page","type-page","status-publish","hentry"],"acf":[],"_links":{"self":[{"href":"https:\/\/dijamant-ks.com\/en\/wp-json\/wp\/v2\/pages\/3953","targetHints":{"allow":["GET"]}}],"collection":[{"href":"https:\/\/dijamant-ks.com\/en\/wp-json\/wp\/v2\/pages"}],"about":[{"href":"https:\/\/dijamant-ks.com\/en\/wp-json\/wp\/v2\/types\/page"}],"author":[{"embeddable":true,"href":"https:\/\/dijamant-ks.com\/en\/wp-json\/wp\/v2\/users\/1"}],"replies":[{"embeddable":true,"href":"https:\/\/dijamant-ks.com\/en\/wp-json\/wp\/v2\/comments?post=3953"}],"version-history":[{"count":0,"href":"https:\/\/dijamant-ks.com\/en\/wp-json\/wp\/v2\/pages\/3953\/revisions"}],"wp:attachment":[{"href":"https:\/\/dijamant-ks.com\/en\/wp-json\/wp\/v2\/media?parent=3953"}],"curies":[{"name":"wp","href":"https:\/\/api.w.org\/{rel}","templated":true}]}}